{"id":560,"date":"2023-08-08T19:38:29","date_gmt":"2023-08-08T19:38:29","guid":{"rendered":"http:\/\/mias-miracles.org\/?page_id=560"},"modified":"2024-06-13T03:15:02","modified_gmt":"2024-06-13T03:15:02","slug":"mias-serenity-space-for-staff","status":"publish","type":"page","link":"https:\/\/mias-miracles.org\/es\/programs-partners\/mias-serenity-space-for-staff\/","title":{"rendered":"Mia&#8217;s Serenity Space for Staff"},"content":{"rendered":"<div data-elementor-type=\"wp-page\" data-elementor-id=\"560\" class=\"elementor elementor-560\" data-elementor-post-type=\"page\">\n\t\t\t\t\t\t<section data-dce-background-image-url=\"https:\/\/mias-miracles.org\/wp-content\/uploads\/2023\/08\/banner-programs-sub-page-galeria.svg\" class=\"elementor-section elementor-top-section elementor-element elementor-element-e45c301 elementor-section-boxed elementor-section-height-default elementor-section-height-default\" data-id=\"e45c301\" data-element_type=\"section\" data-settings=\"{&quot;background_background&quot;:&quot;classic&quot;}\">\n\t\t\t\t\t\t<div class=\"elementor-container elementor-column-gap-no\">\n\t\t\t\t\t<div class=\"elementor-column elementor-col-100 elementor-top-column elementor-element elementor-element-5205e64\" data-id=\"5205e64\" data-element_type=\"column\">\n\t\t\t<div class=\"elementor-widget-wrap elementor-element-populated\">\n\t\t\t\t\t\t<section data-dce-background-color=\"#FEC2BE\" class=\"elementor-section elementor-inner-section elementor-element elementor-element-0f21dcf elementor-section-boxed elementor-section-height-default elementor-section-height-default\" data-id=\"0f21dcf\" data-element_type=\"section\" data-settings=\"{&quot;background_background&quot;:&quot;classic&quot;}\">\n\t\t\t\t\t\t<div class=\"elementor-container elementor-column-gap-default\">\n\t\t\t\t\t<div class=\"elementor-column elementor-col-100 elementor-inner-column elementor-element elementor-element-e9b275c\" data-id=\"e9b275c\" data-element_type=\"column\">\n\t\t\t<div class=\"elementor-widget-wrap elementor-element-populated\">\n\t\t\t\t\t\t<div class=\"elementor-element elementor-element-75354b9 elementor-widget elementor-widget-heading\" data-id=\"75354b9\" data-element_type=\"widget\" data-widget_type=\"heading.default\">\n\t\t\t\t<div class=\"elementor-widget-container\">\n\t\t\t\t\t<h2 class=\"elementor-heading-title elementor-size-default\">Programas + Socios<\/h2>\t\t\t\t<\/div>\n\t\t\t\t<\/div>\n\t\t\t\t\t<\/div>\n\t\t<\/div>\n\t\t\t\t\t<\/div>\n\t\t<\/section>\n\t\t\t\t\t<\/div>\n\t\t<\/div>\n\t\t\t\t\t<\/div>\n\t\t<\/section>\n\t\t\t\t<section class=\"elementor-section elementor-top-section elementor-element elementor-element-71e0f02 elementor-section-boxed elementor-section-height-default elementor-section-height-default\" data-id=\"71e0f02\" data-element_type=\"section\">\n\t\t\t\t\t\t<div class=\"elementor-container elementor-column-gap-default\">\n\t\t\t\t\t<div class=\"elementor-column elementor-col-100 elementor-top-column elementor-element elementor-element-f75bc5a\" data-id=\"f75bc5a\" data-element_type=\"column\">\n\t\t\t<div class=\"elementor-widget-wrap elementor-element-populated\">\n\t\t\t\t\t\t<div class=\"elementor-element elementor-element-925d26f dce_masking-none elementor-widget elementor-widget-image\" data-id=\"925d26f\" data-element_type=\"widget\" data-widget_type=\"image.default\">\n\t\t\t\t<div class=\"elementor-widget-container\">\n\t\t\t\t\t\t\t\t\t\t\t\t\t\t\t<img fetchpriority=\"high\" decoding=\"async\" width=\"300\" height=\"300\" src=\"https:\/\/mias-miracles.org\/wp-content\/uploads\/2023\/08\/Mias-Serentiy-Space_Logo-300x300.png\" class=\"attachment-medium size-medium wp-image-1126\" alt=\"\" srcset=\"https:\/\/mias-miracles.org\/wp-content\/uploads\/2023\/08\/Mias-Serentiy-Space_Logo-300x300.png 300w, https:\/\/mias-miracles.org\/wp-content\/uploads\/2023\/08\/Mias-Serentiy-Space_Logo-1024x1024.png 1024w, https:\/\/mias-miracles.org\/wp-content\/uploads\/2023\/08\/Mias-Serentiy-Space_Logo-150x150.png 150w, https:\/\/mias-miracles.org\/wp-content\/uploads\/2023\/08\/Mias-Serentiy-Space_Logo-768x768.png 768w, https:\/\/mias-miracles.org\/wp-content\/uploads\/2023\/08\/Mias-Serentiy-Space_Logo-600x600.png 600w, https:\/\/mias-miracles.org\/wp-content\/uploads\/2023\/08\/Mias-Serentiy-Space_Logo-100x100.png 100w, https:\/\/mias-miracles.org\/wp-content\/uploads\/2023\/08\/Mias-Serentiy-Space_Logo-50x50.png 50w, https:\/\/mias-miracles.org\/wp-content\/uploads\/2023\/08\/elementor\/thumbs\/Mias-Serentiy-Space_Logo-qbonzn0cd2ll3sez8pa5yy1lt53ftrgfix8k7jpfio.png 200w, https:\/\/mias-miracles.org\/wp-content\/uploads\/2023\/08\/elementor\/thumbs\/Mias-Serentiy-Space_Logo-qbonzn0ess6gbsqg2j0i73qbvtip59vvaiewicnvkw.png 400w, https:\/\/mias-miracles.org\/wp-content\/uploads\/2023\/08\/Mias-Serentiy-Space_Logo.png 1500w\" sizes=\"(max-width: 300px) 100vw, 300px\" \/>\t\t\t\t\t\t\t\t\t\t\t\t\t\t\t<\/div>\n\t\t\t\t<\/div>\n\t\t\t\t\t<\/div>\n\t\t<\/div>\n\t\t\t\t\t<\/div>\n\t\t<\/section>\n\t\t\t\t<section class=\"elementor-section elementor-top-section elementor-element elementor-element-fb71cb7 elementor-section-boxed elementor-section-height-default elementor-section-height-default\" data-id=\"fb71cb7\" data-element_type=\"section\">\n\t\t\t\t\t\t<div class=\"elementor-container elementor-column-gap-default\">\n\t\t\t\t\t<div class=\"elementor-column elementor-col-100 elementor-top-column elementor-element elementor-element-186c422\" data-id=\"186c422\" data-element_type=\"column\">\n\t\t\t<div class=\"elementor-widget-wrap elementor-element-populated\">\n\t\t\t\t\t\t<div class=\"elementor-element elementor-element-104da49 elementor-widget elementor-widget-text-editor\" data-id=\"104da49\" data-element_type=\"widget\" data-widget_type=\"text-editor.default\">\n\t\t\t\t<div class=\"elementor-widget-container\">\n\t\t\t\t\t\t\t\t\t<p>Busca crear espacios de paz, alegr\u00eda y positividad, tanto para pacientes como cuidadores y personal m\u00e9dico y de salud.<\/p>\t\t\t\t\t\t\t\t<\/div>\n\t\t\t\t<\/div>\n\t\t\t\t\t<\/div>\n\t\t<\/div>\n\t\t\t\t\t<\/div>\n\t\t<\/section>\n\t\t\t\t<section class=\"elementor-section elementor-top-section elementor-element elementor-element-9ee91b9 elementor-section-boxed elementor-section-height-default elementor-section-height-default\" data-id=\"9ee91b9\" data-element_type=\"section\">\n\t\t\t\t\t\t<div class=\"elementor-container elementor-column-gap-default\">\n\t\t\t\t\t<div class=\"elementor-column elementor-col-50 elementor-top-column elementor-element elementor-element-f892722\" data-id=\"f892722\" data-element_type=\"column\">\n\t\t\t<div class=\"elementor-widget-wrap elementor-element-populated\">\n\t\t\t\t\t\t<div class=\"elementor-element elementor-element-4e571bd elementor-widget elementor-widget-text-editor\" data-id=\"4e571bd\" data-element_type=\"widget\" data-widget_type=\"text-editor.default\">\n\t\t\t\t<div class=\"elementor-widget-container\">\n\t\t\t\t\t\t\t\t\t<p>C\u00f3mo ayuda la fundaci\u00f3n<\/p>\t\t\t\t\t\t\t\t<\/div>\n\t\t\t\t<\/div>\n\t\t\t\t<div class=\"elementor-element elementor-element-1ab1e3d elementor-widget elementor-widget-text-editor\" data-id=\"1ab1e3d\" data-element_type=\"widget\" data-widget_type=\"text-editor.default\">\n\t\t\t\t<div class=\"elementor-widget-container\">\n\t\t\t\t\t\t\t\t\t<div>En Colombia, Lugares que Sanan de Mia, busca mejorar la infraestructura en salud para el tratamiento del ca\u0301ncer infantil, con el objetivo de contar con espacios de paz, alegri\u0301a y positividad. \n \nEn 2025, Mia\u2019s Miracles implement\u00f3 su proyecto m\u00e1s grande hasta el momento: La renovaci\u00f3n del espacio de quimioterapia ambulatoria para ni\u00f1os en el Hospital San Vicente Fundaci\u00f3n. La remodelaci\u00f3n, que est\u00e1 inspirada en la flora y fauna del Amazonas, incluye cub\u00edculos, ba\u00f1os infantiles, mejoras en ventilaci\u00f3n, luz y climatizaci\u00f3n, renovaci\u00f3n completa del mobiliario adaptado a la poblaci\u00f3n pedi\u00e1trica, as\u00ed como espacios l\u00fadicos y pedag\u00f3gicos, donde los ni\u00f1os pueden distraerse mientras reciben sus tratamientos.<\/div><div>\u00a0<\/div><div>All our rooms are filled with joy, positivity and relaxation.<\/div><div>\u00a0<\/div><div>The impact of relaxation strategies will allow caregivers and nurses to destress, resulting in a calmer disposition which can lead to a decrease in errors and better care for their families!<\/div>\t\t\t\t\t\t\t\t<\/div>\n\t\t\t\t<\/div>\n\t\t\t\t\t<\/div>\n\t\t<\/div>\n\t\t\t\t<div class=\"elementor-column elementor-col-50 elementor-top-column elementor-element elementor-element-7bcbd43\" data-id=\"7bcbd43\" data-element_type=\"column\">\n\t\t\t<div class=\"elementor-widget-wrap elementor-element-populated\">\n\t\t\t\t\t\t<div class=\"elementor-element elementor-element-0178299 dce_masking-none elementor-widget elementor-widget-video\" data-id=\"0178299\" data-element_type=\"widget\" data-settings=\"{&quot;youtube_url&quot;:&quot;https:\\\/\\\/www.youtube.com\\\/watch?v=8HYPtvPnuvo&quot;,&quot;show_image_overlay&quot;:&quot;yes&quot;,&quot;image_overlay&quot;:{&quot;url&quot;:&quot;https:\\\/\\\/mias-miracles.org\\\/wp-content\\\/uploads\\\/2023\\\/08\\\/galeria-uno.png&quot;,&quot;id&quot;:563,&quot;size&quot;:&quot;&quot;,&quot;alt&quot;:&quot;&quot;,&quot;source&quot;:&quot;library&quot;},&quot;lightbox&quot;:&quot;yes&quot;,&quot;video_type&quot;:&quot;youtube&quot;,&quot;controls&quot;:&quot;yes&quot;}\" data-widget_type=\"video.default\">\n\t\t\t\t<div class=\"elementor-widget-container\">\n\t\t\t\t\t\t\t<div class=\"elementor-wrapper elementor-open-lightbox\">\n\t\t\t\t\t\t\t<div class=\"elementor-custom-embed-image-overlay\" data-elementor-open-lightbox=\"yes\" data-elementor-lightbox=\"{&quot;type&quot;:&quot;video&quot;,&quot;videoType&quot;:&quot;youtube&quot;,&quot;url&quot;:&quot;https:\\\/\\\/www.youtube.com\\\/embed\\\/8HYPtvPnuvo?feature=oembed&amp;start&amp;end&amp;wmode=opaque&amp;loop=0&amp;controls=1&amp;mute=0&amp;rel=0&amp;cc_load_policy=0&quot;,&quot;autoplay&quot;:&quot;&quot;,&quot;modalOptions&quot;:{&quot;id&quot;:&quot;elementor-lightbox-0178299&quot;,&quot;entranceAnimation&quot;:&quot;&quot;,&quot;entranceAnimation_tablet&quot;:&quot;&quot;,&quot;entranceAnimation_mobile&quot;:&quot;&quot;,&quot;videoAspectRatio&quot;:&quot;169&quot;}}\" data-e-action-hash=\"#elementor-action%3Aaction%3Dlightbox%26settings%3DeyJ0eXBlIjoidmlkZW8iLCJ2aWRlb1R5cGUiOiJ5b3V0dWJlIiwidXJsIjoiaHR0cHM6XC9cL3d3dy55b3V0dWJlLmNvbVwvZW1iZWRcLzhIWVB0dlBudXZvP2ZlYXR1cmU9b2VtYmVkJnN0YXJ0JmVuZCZ3bW9kZT1vcGFxdWUmbG9vcD0wJmNvbnRyb2xzPTEmbXV0ZT0wJnJlbD0wJmNjX2xvYWRfcG9saWN5PTAiLCJhdXRvcGxheSI6IiIsIm1vZGFsT3B0aW9ucyI6eyJpZCI6ImVsZW1lbnRvci1saWdodGJveC0wMTc4Mjk5IiwiZW50cmFuY2VBbmltYXRpb24iOiIiLCJlbnRyYW5jZUFuaW1hdGlvbl90YWJsZXQiOiIiLCJlbnRyYW5jZUFuaW1hdGlvbl9tb2JpbGUiOiIiLCJ2aWRlb0FzcGVjdFJhdGlvIjoiMTY5In19\">\n\t\t\t\t\t\t\t\t\t\t\t<img decoding=\"async\" width=\"874\" height=\"498\" src=\"https:\/\/mias-miracles.org\/wp-content\/uploads\/2023\/08\/galeria-uno.png\" class=\"attachment-full size-full wp-image-563\" alt=\"\" srcset=\"https:\/\/mias-miracles.org\/wp-content\/uploads\/2023\/08\/galeria-uno.png 874w, https:\/\/mias-miracles.org\/wp-content\/uploads\/2023\/08\/galeria-uno-300x171.png 300w, https:\/\/mias-miracles.org\/wp-content\/uploads\/2023\/08\/galeria-uno-768x438.png 768w, https:\/\/mias-miracles.org\/wp-content\/uploads\/2023\/08\/galeria-uno-18x10.png 18w, https:\/\/mias-miracles.org\/wp-content\/uploads\/2023\/08\/galeria-uno-600x342.png 600w\" sizes=\"(max-width: 874px) 100vw, 874px\" \/>\t\t\t\t\t\t\t\t\t\t\t\t\t\t\t\t<div class=\"elementor-custom-embed-play\" role=\"button\" aria-label=\"Reproducir v\u00eddeo\" tabindex=\"0\" data-no-translation-aria-label=\"\">\n\t\t\t\t\t\t\t<svg xmlns=\"http:\/\/www.w3.org\/2000\/svg\" width=\"80\" height=\"80\" viewbox=\"0 0 80 80\" fill=\"none\"><circle cx=\"40\" cy=\"40\" r=\"40\" fill=\"white\" fill-opacity=\"0.8\"><\/circle><path d=\"M33 27.8756L54 40L33 52.1244L33 27.8756Z\" stroke=\"#EC679A\"><\/path><\/svg>\t\t\t\t\t\t<\/div>\n\t\t\t\t\t\t\t\t\t<\/div>\n\t\t\t\t\t<\/div>\n\t\t\t\t\t\t<\/div>\n\t\t\t\t<\/div>\n\t\t\t\t\t<\/div>\n\t\t<\/div>\n\t\t\t\t\t<\/div>\n\t\t<\/section>\n\t\t\t\t<section class=\"elementor-section elementor-top-section elementor-element elementor-element-f199937 elementor-section-boxed elementor-section-height-default elementor-section-height-default\" data-id=\"f199937\" data-element_type=\"section\">\n\t\t\t\t\t\t<div class=\"elementor-container elementor-column-gap-default\">\n\t\t\t\t\t<div class=\"elementor-column elementor-col-33 elementor-top-column elementor-element elementor-element-b4703f2\" data-id=\"b4703f2\" data-element_type=\"column\">\n\t\t\t<div class=\"elementor-widget-wrap elementor-element-populated\">\n\t\t\t\t\t\t\t<\/div>\n\t\t<\/div>\n\t\t\t\t<div class=\"elementor-column elementor-col-66 elementor-top-column elementor-element elementor-element-33bb24e\" data-id=\"33bb24e\" data-element_type=\"column\">\n\t\t\t<div class=\"elementor-widget-wrap\">\n\t\t\t\t\t\t\t<\/div>\n\t\t<\/div>\n\t\t\t\t\t<\/div>\n\t\t<\/section>\n\t\t\t\t<section data-dce-background-image-url=\"https:\/\/mias-miracles.org\/wp-content\/uploads\/2023\/08\/forma-izquierda-3-1.svg\" data-dce-background-overlay-image-url=\"https:\/\/mias-miracles.org\/wp-content\/uploads\/2023\/08\/nube-derecha-2-1.svg\" class=\"elementor-section elementor-top-section elementor-element elementor-element-3f42097 elementor-section-boxed elementor-section-height-default elementor-section-height-default\" data-id=\"3f42097\" data-element_type=\"section\" data-settings=\"{&quot;background_background&quot;:&quot;classic&quot;}\">\n\t\t\t\t\t\t\t<div class=\"elementor-background-overlay\"><\/div>\n\t\t\t\t\t\t\t<div class=\"elementor-container elementor-column-gap-default\">\n\t\t\t\t\t<div class=\"elementor-column elementor-col-100 elementor-top-column elementor-element elementor-element-e765b81\" data-id=\"e765b81\" data-element_type=\"column\">\n\t\t\t<div class=\"elementor-widget-wrap elementor-element-populated\">\n\t\t\t\t\t\t<section class=\"elementor-section elementor-inner-section elementor-element elementor-element-e078205 elementor-section-boxed elementor-section-height-default elementor-section-height-default\" data-id=\"e078205\" data-element_type=\"section\">\n\t\t\t\t\t\t<div class=\"elementor-container elementor-column-gap-default\">\n\t\t\t\t\t<div class=\"elementor-column elementor-col-100 elementor-inner-column elementor-element elementor-element-d17c8f3\" data-id=\"d17c8f3\" data-element_type=\"column\">\n\t\t\t<div class=\"elementor-widget-wrap elementor-element-populated\">\n\t\t\t\t\t\t<div class=\"elementor-element elementor-element-88ab159 elementor-widget elementor-widget-gallery\" data-id=\"88ab159\" data-element_type=\"widget\" data-settings=\"{&quot;gallery_layout&quot;:&quot;justified&quot;,&quot;gap&quot;:{&quot;unit&quot;:&quot;px&quot;,&quot;size&quot;:20,&quot;sizes&quot;:[]},&quot;ideal_row_height&quot;:{&quot;unit&quot;:&quot;px&quot;,&quot;size&quot;:350,&quot;sizes&quot;:[]},&quot;lazyload&quot;:&quot;yes&quot;,&quot;ideal_row_height_tablet&quot;:{&quot;unit&quot;:&quot;px&quot;,&quot;size&quot;:150,&quot;sizes&quot;:[]},&quot;ideal_row_height_mobile&quot;:{&quot;unit&quot;:&quot;px&quot;,&quot;size&quot;:150,&quot;sizes&quot;:[]},&quot;gap_tablet&quot;:{&quot;unit&quot;:&quot;px&quot;,&quot;size&quot;:10,&quot;sizes&quot;:[]},&quot;gap_mobile&quot;:{&quot;unit&quot;:&quot;px&quot;,&quot;size&quot;:10,&quot;sizes&quot;:[]},&quot;link_to&quot;:&quot;file&quot;,&quot;content_hover_animation&quot;:&quot;fade-in&quot;}\" data-widget_type=\"gallery.default\">\n\t\t\t\t<div class=\"elementor-widget-container\">\n\t\t\t\t\t\t\t<div class=\"elementor-gallery__container\">\n\t\t\t\t\t\t\t<a class=\"e-gallery-item elementor-gallery-item elementor-animated-content\" href=\"https:\/\/mias-miracles.org\/wp-content\/uploads\/2023\/08\/galeria-dos.png\" data-elementor-open-lightbox=\"yes\" data-elementor-lightbox-slideshow=\"88ab159\" data-elementor-lightbox-title=\"galeria-dos\" data-e-action-hash=\"#elementor-action%3Aaction%3Dlightbox%26settings%3DeyJpZCI6NTY1LCJ1cmwiOiJodHRwczpcL1wvbWlhcy1taXJhY2xlcy5vcmdcL3dwLWNvbnRlbnRcL3VwbG9hZHNcLzIwMjNcLzA4XC9nYWxlcmlhLWRvcy5wbmciLCJzbGlkZXNob3ciOiI4OGFiMTU5In0%3D\">\n\t\t\t\t\t<div class=\"e-gallery-image elementor-gallery-item__image\" data-thumbnail=\"https:\/\/mias-miracles.org\/wp-content\/uploads\/2023\/08\/galeria-dos.png\" data-width=\"614\" data-height=\"538\" aria-label=\"\" role=\"img\" ><\/div>\n\t\t\t\t\t\t\t\t\t\t\t\t\t\t<\/a>\n\t\t\t\t\t\t\t<a class=\"e-gallery-item elementor-gallery-item elementor-animated-content\" href=\"https:\/\/mias-miracles.org\/wp-content\/uploads\/2023\/08\/galeria-nueve.png\" data-elementor-open-lightbox=\"yes\" data-elementor-lightbox-slideshow=\"88ab159\" data-elementor-lightbox-title=\"galeria-nueve\" data-e-action-hash=\"#elementor-action%3Aaction%3Dlightbox%26settings%3DeyJpZCI6NTcxLCJ1cmwiOiJodHRwczpcL1wvbWlhcy1taXJhY2xlcy5vcmdcL3dwLWNvbnRlbnRcL3VwbG9hZHNcLzIwMjNcLzA4XC9nYWxlcmlhLW51ZXZlLnBuZyIsInNsaWRlc2hvdyI6Ijg4YWIxNTkifQ%3D%3D\">\n\t\t\t\t\t<div class=\"e-gallery-image elementor-gallery-item__image\" data-thumbnail=\"https:\/\/mias-miracles.org\/wp-content\/uploads\/2023\/08\/galeria-nueve.png\" data-width=\"613\" data-height=\"465\" aria-label=\"\" role=\"img\" ><\/div>\n\t\t\t\t\t\t\t\t\t\t\t\t\t\t<\/a>\n\t\t\t\t\t\t\t<a class=\"e-gallery-item elementor-gallery-item elementor-animated-content\" href=\"https:\/\/mias-miracles.org\/wp-content\/uploads\/2023\/08\/galeria-ocho.png\" data-elementor-open-lightbox=\"yes\" data-elementor-lightbox-slideshow=\"88ab159\" data-elementor-lightbox-title=\"galeria-ocho\" data-e-action-hash=\"#elementor-action%3Aaction%3Dlightbox%26settings%3DeyJpZCI6NTcwLCJ1cmwiOiJodHRwczpcL1wvbWlhcy1taXJhY2xlcy5vcmdcL3dwLWNvbnRlbnRcL3VwbG9hZHNcLzIwMjNcLzA4XC9nYWxlcmlhLW9jaG8ucG5nIiwic2xpZGVzaG93IjoiODhhYjE1OSJ9\">\n\t\t\t\t\t<div class=\"e-gallery-image elementor-gallery-item__image\" data-thumbnail=\"https:\/\/mias-miracles.org\/wp-content\/uploads\/2023\/08\/galeria-ocho.png\" data-width=\"862\" data-height=\"456\" aria-label=\"\" role=\"img\" ><\/div>\n\t\t\t\t\t\t\t\t\t\t\t\t\t\t<\/a>\n\t\t\t\t\t\t\t<a class=\"e-gallery-item elementor-gallery-item elementor-animated-content\" href=\"https:\/\/mias-miracles.org\/wp-content\/uploads\/2023\/08\/galeria-siete.png\" data-elementor-open-lightbox=\"yes\" data-elementor-lightbox-slideshow=\"88ab159\" data-elementor-lightbox-title=\"galeria-siete\" data-e-action-hash=\"#elementor-action%3Aaction%3Dlightbox%26settings%3DeyJpZCI6NTY5LCJ1cmwiOiJodHRwczpcL1wvbWlhcy1taXJhY2xlcy5vcmdcL3dwLWNvbnRlbnRcL3VwbG9hZHNcLzIwMjNcLzA4XC9nYWxlcmlhLXNpZXRlLnBuZyIsInNsaWRlc2hvdyI6Ijg4YWIxNTkifQ%3D%3D\">\n\t\t\t\t\t<div class=\"e-gallery-image elementor-gallery-item__image\" data-thumbnail=\"https:\/\/mias-miracles.org\/wp-content\/uploads\/2023\/08\/galeria-siete.png\" data-width=\"613\" data-height=\"434\" aria-label=\"\" role=\"img\" ><\/div>\n\t\t\t\t\t\t\t\t\t\t\t\t\t\t<\/a>\n\t\t\t\t\t\t\t<a class=\"e-gallery-item elementor-gallery-item elementor-animated-content\" href=\"https:\/\/mias-miracles.org\/wp-content\/uploads\/2023\/08\/galeria-seis.png\" data-elementor-open-lightbox=\"yes\" data-elementor-lightbox-slideshow=\"88ab159\" data-elementor-lightbox-title=\"galeria-seis\" data-e-action-hash=\"#elementor-action%3Aaction%3Dlightbox%26settings%3DeyJpZCI6NTY4LCJ1cmwiOiJodHRwczpcL1wvbWlhcy1taXJhY2xlcy5vcmdcL3dwLWNvbnRlbnRcL3VwbG9hZHNcLzIwMjNcLzA4XC9nYWxlcmlhLXNlaXMucG5nIiwic2xpZGVzaG93IjoiODhhYjE1OSJ9\">\n\t\t\t\t\t<div class=\"e-gallery-image elementor-gallery-item__image\" data-thumbnail=\"https:\/\/mias-miracles.org\/wp-content\/uploads\/2023\/08\/galeria-seis.png\" data-width=\"483\" data-height=\"434\" aria-label=\"\" role=\"img\" ><\/div>\n\t\t\t\t\t\t\t\t\t\t\t\t\t\t<\/a>\n\t\t\t\t\t\t\t<a class=\"e-gallery-item elementor-gallery-item elementor-animated-content\" href=\"https:\/\/mias-miracles.org\/wp-content\/uploads\/2023\/08\/galeria-cuatro.png\" data-elementor-open-lightbox=\"yes\" data-elementor-lightbox-slideshow=\"88ab159\" data-elementor-lightbox-title=\"galeria-cuatro\" data-e-action-hash=\"#elementor-action%3Aaction%3Dlightbox%26settings%3DeyJpZCI6NTY3LCJ1cmwiOiJodHRwczpcL1wvbWlhcy1taXJhY2xlcy5vcmdcL3dwLWNvbnRlbnRcL3VwbG9hZHNcLzIwMjNcLzA4XC9nYWxlcmlhLWN1YXRyby5wbmciLCJzbGlkZXNob3ciOiI4OGFiMTU5In0%3D\">\n\t\t\t\t\t<div class=\"e-gallery-image elementor-gallery-item__image\" data-thumbnail=\"https:\/\/mias-miracles.org\/wp-content\/uploads\/2023\/08\/galeria-cuatro.png\" data-width=\"357\" data-height=\"538\" aria-label=\"\" role=\"img\" ><\/div>\n\t\t\t\t\t\t\t\t\t\t\t\t\t\t<\/a>\n\t\t\t\t\t\t\t<a class=\"e-gallery-item elementor-gallery-item elementor-animated-content\" href=\"https:\/\/mias-miracles.org\/wp-content\/uploads\/2023\/08\/galeria-tres.png\" data-elementor-open-lightbox=\"yes\" data-elementor-lightbox-slideshow=\"88ab159\" data-elementor-lightbox-title=\"galeria-tres\" data-e-action-hash=\"#elementor-action%3Aaction%3Dlightbox%26settings%3DeyJpZCI6NTY2LCJ1cmwiOiJodHRwczpcL1wvbWlhcy1taXJhY2xlcy5vcmdcL3dwLWNvbnRlbnRcL3VwbG9hZHNcLzIwMjNcLzA4XC9nYWxlcmlhLXRyZXMucG5nIiwic2xpZGVzaG93IjoiODhhYjE1OSJ9\">\n\t\t\t\t\t<div class=\"e-gallery-image elementor-gallery-item__image\" data-thumbnail=\"https:\/\/mias-miracles.org\/wp-content\/uploads\/2023\/08\/galeria-tres.png\" data-width=\"485\" data-height=\"538\" aria-label=\"\" role=\"img\" ><\/div>\n\t\t\t\t\t\t\t\t\t\t\t\t\t\t<\/a>\n\t\t\t\t\t\t\t<a class=\"e-gallery-item elementor-gallery-item elementor-animated-content\" href=\"https:\/\/mias-miracles.org\/wp-content\/uploads\/2023\/08\/Mias-Serenity-space0009-scaled.jpg\" data-elementor-open-lightbox=\"yes\" data-elementor-lightbox-slideshow=\"88ab159\" data-elementor-lightbox-title=\"Mia&#039;s Serenity space0009\" data-e-action-hash=\"#elementor-action%3Aaction%3Dlightbox%26settings%3DeyJpZCI6MTE2MCwidXJsIjoiaHR0cHM6XC9cL21pYXMtbWlyYWNsZXMub3JnXC93cC1jb250ZW50XC91cGxvYWRzXC8yMDIzXC8wOFwvTWlhcy1TZXJlbml0eS1zcGFjZTAwMDktc2NhbGVkLmpwZyIsInNsaWRlc2hvdyI6Ijg4YWIxNTkifQ%3D%3D\">\n\t\t\t\t\t<div class=\"e-gallery-image elementor-gallery-item__image\" data-thumbnail=\"https:\/\/mias-miracles.org\/wp-content\/uploads\/2023\/08\/Mias-Serenity-space0009-scaled.jpg\" data-width=\"2560\" data-height=\"1709\" aria-label=\"\" role=\"img\" ><\/div>\n\t\t\t\t\t\t\t\t\t\t\t\t\t\t<\/a>\n\t\t\t\t\t<\/div>\n\t\t\t\t\t<\/div>\n\t\t\t\t<\/div>\n\t\t\t\t\t<\/div>\n\t\t<\/div>\n\t\t\t\t\t<\/div>\n\t\t<\/section>\n\t\t\t\t\t<\/div>\n\t\t<\/div>\n\t\t\t\t\t<\/div>\n\t\t<\/section>\n\t\t\t\t<\/div>","protected":false},"excerpt":{"rendered":"<p>Programs + partners The biggest union of registered nurses in the U.S. \u2014 National Nurses United \u2014 describes nurse burnout as \u201cphysical, mental and emotional exhaustion.\u201d Nurse burnout leads to job dissatisfaction and affects patient outcomes. How the foundation helps Mia\u2019s Miracles hopes to provide a moment of reprieve for caregivers during crises. Individuals during [&hellip;]<\/p>","protected":false},"author":6,"featured_media":0,"parent":354,"menu_order":0,"comment_status":"closed","ping_status":"closed","template":"","meta":{"footnotes":""},"class_list":["post-560","page","type-page","status-publish","hentry"],"_links":{"self":[{"href":"https:\/\/mias-miracles.org\/es\/wp-json\/wp\/v2\/pages\/560","targetHints":{"allow":["GET"]}}],"collection":[{"href":"https:\/\/mias-miracles.org\/es\/wp-json\/wp\/v2\/pages"}],"about":[{"href":"https:\/\/mias-miracles.org\/es\/wp-json\/wp\/v2\/types\/page"}],"author":[{"embeddable":true,"href":"https:\/\/mias-miracles.org\/es\/wp-json\/wp\/v2\/users\/6"}],"replies":[{"embeddable":true,"href":"https:\/\/mias-miracles.org\/es\/wp-json\/wp\/v2\/comments?post=560"}],"version-history":[{"count":37,"href":"https:\/\/mias-miracles.org\/es\/wp-json\/wp\/v2\/pages\/560\/revisions"}],"predecessor-version":[{"id":2826,"href":"https:\/\/mias-miracles.org\/es\/wp-json\/wp\/v2\/pages\/560\/revisions\/2826"}],"up":[{"embeddable":true,"href":"https:\/\/mias-miracles.org\/es\/wp-json\/wp\/v2\/pages\/354"}],"wp:attachment":[{"href":"https:\/\/mias-miracles.org\/es\/wp-json\/wp\/v2\/media?parent=560"}],"curies":[{"name":"wp","href":"https:\/\/api.w.org\/{rel}","templated":true}]}}