{"id":541,"date":"2023-08-08T19:23:21","date_gmt":"2023-08-08T19:23:21","guid":{"rendered":"http:\/\/mias-miracles.org\/?page_id=541"},"modified":"2023-08-09T16:31:39","modified_gmt":"2023-08-09T16:31:39","slug":"runners-for-miracles","status":"publish","type":"page","link":"https:\/\/mias-miracles.org\/es\/athletes-for-miracles\/runners-for-miracles\/","title":{"rendered":"Runners for miracles"},"content":{"rendered":"<div data-elementor-type=\"wp-page\" data-elementor-id=\"541\" class=\"elementor elementor-541\" data-elementor-post-type=\"page\">\n\t\t\t\t\t\t<section data-dce-background-image-url=\"https:\/\/mias-miracles.org\/wp-content\/uploads\/2023\/08\/banner-afm-sub-pages.svg\" class=\"elementor-section elementor-top-section elementor-element elementor-element-e45c301 elementor-section-boxed elementor-section-height-default elementor-section-height-default\" data-id=\"e45c301\" data-element_type=\"section\" data-settings=\"{&quot;background_background&quot;:&quot;classic&quot;}\">\n\t\t\t\t\t\t<div class=\"elementor-container elementor-column-gap-no\">\n\t\t\t\t\t<div class=\"elementor-column elementor-col-100 elementor-top-column elementor-element elementor-element-5205e64\" data-id=\"5205e64\" data-element_type=\"column\">\n\t\t\t<div class=\"elementor-widget-wrap elementor-element-populated\">\n\t\t\t\t\t\t<section data-dce-background-color=\"#FEC2BE\" class=\"elementor-section elementor-inner-section elementor-element elementor-element-0f21dcf elementor-section-boxed elementor-section-height-default elementor-section-height-default\" data-id=\"0f21dcf\" data-element_type=\"section\" data-settings=\"{&quot;background_background&quot;:&quot;classic&quot;}\">\n\t\t\t\t\t\t<div class=\"elementor-container elementor-column-gap-default\">\n\t\t\t\t\t<div class=\"elementor-column elementor-col-100 elementor-inner-column elementor-element elementor-element-e9b275c\" data-id=\"e9b275c\" data-element_type=\"column\">\n\t\t\t<div class=\"elementor-widget-wrap elementor-element-populated\">\n\t\t\t\t\t\t<div class=\"elementor-element elementor-element-75354b9 elementor-widget elementor-widget-heading\" data-id=\"75354b9\" data-element_type=\"widget\" data-widget_type=\"heading.default\">\n\t\t\t\t<div class=\"elementor-widget-container\">\n\t\t\t\t\t<h2 class=\"elementor-heading-title elementor-size-default\">Atletas para mia's miracles<\/h2>\t\t\t\t<\/div>\n\t\t\t\t<\/div>\n\t\t\t\t\t<\/div>\n\t\t<\/div>\n\t\t\t\t\t<\/div>\n\t\t<\/section>\n\t\t\t\t\t<\/div>\n\t\t<\/div>\n\t\t\t\t\t<\/div>\n\t\t<\/section>\n\t\t\t\t<section data-dce-background-image-url=\"https:\/\/mias-miracles.org\/wp-content\/uploads\/2023\/08\/espiral-izquiera-1.svg\" data-dce-background-overlay-image-url=\"https:\/\/mias-miracles.org\/wp-content\/uploads\/2023\/08\/nube-derecha.svg\" class=\"elementor-section elementor-top-section elementor-element elementor-element-3f42097 elementor-section-boxed elementor-section-height-default elementor-section-height-default\" data-id=\"3f42097\" data-element_type=\"section\" data-settings=\"{&quot;background_background&quot;:&quot;classic&quot;}\">\n\t\t\t\t\t\t\t<div class=\"elementor-background-overlay\"><\/div>\n\t\t\t\t\t\t\t<div class=\"elementor-container elementor-column-gap-default\">\n\t\t\t\t\t<div class=\"elementor-column elementor-col-100 elementor-top-column elementor-element elementor-element-e765b81\" data-id=\"e765b81\" data-element_type=\"column\">\n\t\t\t<div class=\"elementor-widget-wrap elementor-element-populated\">\n\t\t\t\t\t\t<section class=\"elementor-section elementor-inner-section elementor-element elementor-element-c340df3 elementor-section-boxed elementor-section-height-default elementor-section-height-default\" data-id=\"c340df3\" data-element_type=\"section\">\n\t\t\t\t\t\t<div class=\"elementor-container elementor-column-gap-default\">\n\t\t\t\t\t<div class=\"elementor-column elementor-col-50 elementor-inner-column elementor-element elementor-element-10e10d5\" data-id=\"10e10d5\" data-element_type=\"column\">\n\t\t\t<div class=\"elementor-widget-wrap elementor-element-populated\">\n\t\t\t\t\t\t<div class=\"elementor-element elementor-element-72ca0ee dce_masking-none elementor-widget elementor-widget-image\" data-id=\"72ca0ee\" data-element_type=\"widget\" data-widget_type=\"image.default\">\n\t\t\t\t<div class=\"elementor-widget-container\">\n\t\t\t\t\t\t\t\t\t\t\t\t\t\t\t<img fetchpriority=\"high\" decoding=\"async\" width=\"403\" height=\"403\" src=\"https:\/\/mias-miracles.org\/wp-content\/uploads\/2023\/08\/elevated-labs-logo.png\" class=\"attachment-full size-full wp-image-543\" alt=\"\" srcset=\"https:\/\/mias-miracles.org\/wp-content\/uploads\/2023\/08\/elevated-labs-logo.png 403w, https:\/\/mias-miracles.org\/wp-content\/uploads\/2023\/08\/elevated-labs-logo-300x300.png 300w, https:\/\/mias-miracles.org\/wp-content\/uploads\/2023\/08\/elevated-labs-logo-150x150.png 150w, https:\/\/mias-miracles.org\/wp-content\/uploads\/2023\/08\/elevated-labs-logo-12x12.png 12w, https:\/\/mias-miracles.org\/wp-content\/uploads\/2023\/08\/elevated-labs-logo-100x100.png 100w\" sizes=\"(max-width: 403px) 100vw, 403px\" \/>\t\t\t\t\t\t\t\t\t\t\t\t\t\t\t<\/div>\n\t\t\t\t<\/div>\n\t\t\t\t<div class=\"elementor-element elementor-element-0029e0d elementor-widget elementor-widget-text-editor\" data-id=\"0029e0d\" data-element_type=\"widget\" data-widget_type=\"text-editor.default\">\n\t\t\t\t<div class=\"elementor-widget-container\">\n\t\t\t\t\t\t\t\t\t<p>Dinero recaudado<\/p>\t\t\t\t\t\t\t\t<\/div>\n\t\t\t\t<\/div>\n\t\t\t\t<div data-dce-advanced-background-color=\"#F92895\" class=\"elementor-element elementor-element-9a28156 elementor-widget elementor-widget-counter\" data-id=\"9a28156\" data-element_type=\"widget\" data-widget_type=\"counter.default\">\n\t\t\t\t<div class=\"elementor-widget-container\">\n\t\t\t\t\t\t\t<div class=\"elementor-counter\">\n\t\t\t\t\t\t<div class=\"elementor-counter-number-wrapper\">\n\t\t\t\t<span class=\"elementor-counter-number-prefix\">$<\/span>\n\t\t\t\t<span class=\"elementor-counter-number\" data-duration=\"2000\" data-to-value=\"10187\" data-from-value=\"0\" data-delimiter=\",\">0<\/span>\n\t\t\t\t<span class=\"elementor-counter-number-suffix\"><\/span>\n\t\t\t<\/div>\n\t\t<\/div>\n\t\t\t\t\t\t<\/div>\n\t\t\t\t<\/div>\n\t\t\t\t\t<\/div>\n\t\t<\/div>\n\t\t\t\t<div class=\"elementor-column elementor-col-50 elementor-inner-column elementor-element elementor-element-ee547ed\" data-id=\"ee547ed\" data-element_type=\"column\">\n\t\t\t<div class=\"elementor-widget-wrap elementor-element-populated\">\n\t\t\t\t\t\t<div class=\"elementor-element elementor-element-aabaa18 dce_masking-none elementor-widget elementor-widget-image\" data-id=\"aabaa18\" data-element_type=\"widget\" data-widget_type=\"image.default\">\n\t\t\t\t<div class=\"elementor-widget-container\">\n\t\t\t\t\t\t\t\t\t\t\t\t\t\t\t<img decoding=\"async\" width=\"217\" height=\"122\" src=\"https:\/\/mias-miracles.org\/wp-content\/uploads\/2023\/08\/runners.svg\" class=\"attachment-full size-full wp-image-530\" alt=\"\" \/>\t\t\t\t\t\t\t\t\t\t\t\t\t\t\t<\/div>\n\t\t\t\t<\/div>\n\t\t\t\t<div class=\"elementor-element elementor-element-ef255c9 elementor-widget elementor-widget-text-editor\" data-id=\"ef255c9\" data-element_type=\"widget\" data-widget_type=\"text-editor.default\">\n\t\t\t\t<div class=\"elementor-widget-container\">\n\t\t\t\t\t\t\t\t\t<p>En 2018, Mia Villegas, hija del golfista de la PGA Camilo Villegas, e Isabella Wyrick, hija del fundador de Elevated Lifestyle Lab, Alex Wyrick, \u00a1se hicieron amigas r\u00e1pidamente! Algunos dir\u00edan que era su v\u00ednculo por la clase de m\u00fasica y los bloques de construcci\u00f3n, pero aunque eran beb\u00e9s, sus padres pudieron ver que la conexi\u00f3n era m\u00e1s profunda. Ser testigo de c\u00f3mo se llevaron a un \u00e1ngel demasiado pronto y la idea de que esto les estaba sucediendo a otras familias inspir\u00f3 a Wyrick Family y Elevated Lifestyle Lab a tomar medidas mediante la recaudaci\u00f3n de fondos. Al brindar asistencia a ni\u00f1os vulnerables y sus familias en los EE. UU. y Colombia, Mia's Miracles representa de qu\u00e9 se trat\u00f3 el corto tiempo de Mia en esta tierra: esperanza, alegr\u00eda y amor. Esperamos que nos ayudes a continuar con el legado de Mia ayudando a quienes no pueden ayudarse a s\u00ed mismos.<\/p>\t\t\t\t\t\t\t\t<\/div>\n\t\t\t\t<\/div>\n\t\t\t\t\t<\/div>\n\t\t<\/div>\n\t\t\t\t\t<\/div>\n\t\t<\/section>\n\t\t\t\t<section class=\"elementor-section elementor-inner-section elementor-element elementor-element-fdf97f2 elementor-section-boxed elementor-section-height-default elementor-section-height-default\" data-id=\"fdf97f2\" data-element_type=\"section\">\n\t\t\t\t\t\t<div class=\"elementor-container elementor-column-gap-default\">\n\t\t\t\t\t<div class=\"elementor-column elementor-col-33 elementor-inner-column elementor-element elementor-element-dbb993f\" data-id=\"dbb993f\" data-element_type=\"column\">\n\t\t\t<div class=\"elementor-widget-wrap\">\n\t\t\t\t\t\t\t<\/div>\n\t\t<\/div>\n\t\t\t\t<div class=\"elementor-column elementor-col-33 elementor-inner-column elementor-element elementor-element-080ce44\" data-id=\"080ce44\" data-element_type=\"column\">\n\t\t\t<div class=\"elementor-widget-wrap elementor-element-populated\">\n\t\t\t\t\t\t<div class=\"elementor-element elementor-element-a644d4f dce_masking-none elementor-widget elementor-widget-video\" data-id=\"a644d4f\" data-element_type=\"widget\" data-settings=\"{&quot;youtube_url&quot;:&quot;https:\\\/\\\/www.youtube.com\\\/watch?v=qFQoVoATIPI&quot;,&quot;video_type&quot;:&quot;youtube&quot;,&quot;controls&quot;:&quot;yes&quot;}\" data-widget_type=\"video.default\">\n\t\t\t\t<div class=\"elementor-widget-container\">\n\t\t\t\t\t\t\t<div class=\"elementor-wrapper elementor-open-inline\">\n\t\t\t<div class=\"elementor-video\"><\/div>\t\t<\/div>\n\t\t\t\t\t\t<\/div>\n\t\t\t\t<\/div>\n\t\t\t\t\t<\/div>\n\t\t<\/div>\n\t\t\t\t<div class=\"elementor-column elementor-col-33 elementor-inner-column elementor-element elementor-element-6a17927\" data-id=\"6a17927\" data-element_type=\"column\">\n\t\t\t<div class=\"elementor-widget-wrap\">\n\t\t\t\t\t\t\t<\/div>\n\t\t<\/div>\n\t\t\t\t\t<\/div>\n\t\t<\/section>\n\t\t\t\t\t<\/div>\n\t\t<\/div>\n\t\t\t\t\t<\/div>\n\t\t<\/section>\n\t\t\t\t<section data-dce-background-color=\"#B4DBD5\" class=\"elementor-section elementor-top-section elementor-element elementor-element-5ef2b82 elementor-section-boxed elementor-section-height-default elementor-section-height-default\" data-id=\"5ef2b82\" data-element_type=\"section\" data-settings=\"{&quot;background_background&quot;:&quot;classic&quot;}\">\n\t\t\t\t\t\t<div class=\"elementor-container elementor-column-gap-default\">\n\t\t\t\t\t<div class=\"elementor-column elementor-col-33 elementor-top-column elementor-element elementor-element-df305b2\" data-id=\"df305b2\" data-element_type=\"column\">\n\t\t\t<div class=\"elementor-widget-wrap\">\n\t\t\t\t\t\t\t<\/div>\n\t\t<\/div>\n\t\t\t\t<div class=\"elementor-column elementor-col-33 elementor-top-column elementor-element elementor-element-b676190\" data-id=\"b676190\" data-element_type=\"column\">\n\t\t\t<div class=\"elementor-widget-wrap elementor-element-populated\">\n\t\t\t\t\t\t<div class=\"elementor-element elementor-element-711a586 elementor-widget elementor-widget-text-editor\" data-id=\"711a586\" data-element_type=\"widget\" data-widget_type=\"text-editor.default\">\n\t\t\t\t<div class=\"elementor-widget-container\">\n\t\t\t\t\t\t\t\t\t<p>\u00bfInteresado en convertirse en un atleta para mia's miracles?<\/p>\t\t\t\t\t\t\t\t<\/div>\n\t\t\t\t<\/div>\n\t\t\t\t<div class=\"elementor-element elementor-element-cbacddc elementor-align-center elementor-widget elementor-widget-button\" data-id=\"cbacddc\" data-element_type=\"widget\" data-widget_type=\"button.default\">\n\t\t\t\t<div class=\"elementor-widget-container\">\n\t\t\t\t\t\t\t\t\t<div class=\"elementor-button-wrapper\">\n\t\t\t\t\t<a class=\"elementor-button elementor-button-link elementor-size-sm\" href=\"https:\/\/mias-miracles.org\/wp-content\/uploads\/2023\/08\/Athletes-for-Miracles-Playbook.pdf\" target=\"_blank\">\n\t\t\t\t\t\t<span class=\"elementor-button-content-wrapper\">\n\t\t\t\t\t\t\t\t\t<span class=\"elementor-button-text\">VER EL LIBRO DE JUGADAS<\/span>\n\t\t\t\t\t<\/span>\n\t\t\t\t\t<\/a>\n\t\t\t\t<\/div>\n\t\t\t\t\t\t\t\t<\/div>\n\t\t\t\t<\/div>\n\t\t\t\t\t<\/div>\n\t\t<\/div>\n\t\t\t\t<div class=\"elementor-column elementor-col-33 elementor-top-column elementor-element elementor-element-8553cb3\" data-id=\"8553cb3\" data-element_type=\"column\">\n\t\t\t<div class=\"elementor-widget-wrap\">\n\t\t\t\t\t\t\t<\/div>\n\t\t<\/div>\n\t\t\t\t\t<\/div>\n\t\t<\/section>\n\t\t\t\t<\/div>","protected":false},"excerpt":{"rendered":"<p>Athletes for miracles Money raised $ 0 In 2018, Mia Villegas, daughter of PGA Golfer Camilo Villegas, and Isabella Wyrick, daughter of Elevated Lifestyle Lab Founder Alex Wyrick, became fast friends! Some would say it was their bond over music class and building blocks, but even though they were infants their parents could see the [&hellip;]<\/p>","protected":false},"author":6,"featured_media":0,"parent":524,"menu_order":0,"comment_status":"closed","ping_status":"closed","template":"","meta":{"footnotes":""},"class_list":["post-541","page","type-page","status-publish","hentry"],"_links":{"self":[{"href":"https:\/\/mias-miracles.org\/es\/wp-json\/wp\/v2\/pages\/541","targetHints":{"allow":["GET"]}}],"collection":[{"href":"https:\/\/mias-miracles.org\/es\/wp-json\/wp\/v2\/pages"}],"about":[{"href":"https:\/\/mias-miracles.org\/es\/wp-json\/wp\/v2\/types\/page"}],"author":[{"embeddable":true,"href":"https:\/\/mias-miracles.org\/es\/wp-json\/wp\/v2\/users\/6"}],"replies":[{"embeddable":true,"href":"https:\/\/mias-miracles.org\/es\/wp-json\/wp\/v2\/comments?post=541"}],"version-history":[{"count":16,"href":"https:\/\/mias-miracles.org\/es\/wp-json\/wp\/v2\/pages\/541\/revisions"}],"predecessor-version":[{"id":884,"href":"https:\/\/mias-miracles.org\/es\/wp-json\/wp\/v2\/pages\/541\/revisions\/884"}],"up":[{"embeddable":true,"href":"https:\/\/mias-miracles.org\/es\/wp-json\/wp\/v2\/pages\/524"}],"wp:attachment":[{"href":"https:\/\/mias-miracles.org\/es\/wp-json\/wp\/v2\/media?parent=541"}],"curies":[{"name":"wp","href":"https:\/\/api.w.org\/{rel}","templated":true}]}}