{"id":4052,"date":"2025-08-11T20:40:47","date_gmt":"2025-08-11T20:40:47","guid":{"rendered":"https:\/\/mias-miracles.org\/?page_id=4052"},"modified":"2025-09-12T16:36:00","modified_gmt":"2025-09-12T16:36:00","slug":"shine-your-light","status":"publish","type":"page","link":"https:\/\/mias-miracles.org\/es\/shine-your-light\/","title":{"rendered":"Shine Your Light"},"content":{"rendered":"<div data-elementor-type=\"wp-page\" data-elementor-id=\"4052\" class=\"elementor elementor-4052\" data-elementor-post-type=\"page\">\n\t\t\t\t\t\t<section class=\"elementor-section elementor-top-section elementor-element elementor-element-4b6f110 elementor-section-boxed elementor-section-height-default elementor-section-height-default\" data-id=\"4b6f110\" data-element_type=\"section\">\n\t\t\t\t\t\t<div class=\"elementor-container elementor-column-gap-default\">\n\t\t\t\t\t<div class=\"elementor-column elementor-col-100 elementor-top-column elementor-element elementor-element-d9eae49\" data-id=\"d9eae49\" data-element_type=\"column\">\n\t\t\t<div class=\"elementor-widget-wrap elementor-element-populated\">\n\t\t\t\t\t\t<div class=\"elementor-element elementor-element-2cc07cd dce_masking-none elementor-widget elementor-widget-image\" data-id=\"2cc07cd\" data-element_type=\"widget\" data-widget_type=\"image.default\">\n\t\t\t\t<div class=\"elementor-widget-container\">\n\t\t\t\t\t\t\t\t\t\t\t\t\t\t\t<img fetchpriority=\"high\" decoding=\"async\" width=\"10453\" height=\"2795\" src=\"https:\/\/mias-miracles.org\/wp-content\/uploads\/2025\/08\/Shine-Your-Light-Header-2.png\" class=\"attachment-full size-full wp-image-4192\" alt=\"\" srcset=\"https:\/\/mias-miracles.org\/wp-content\/uploads\/2025\/08\/Shine-Your-Light-Header-2.png 10453w, https:\/\/mias-miracles.org\/wp-content\/uploads\/2025\/08\/Shine-Your-Light-Header-2-300x80.png 300w, https:\/\/mias-miracles.org\/wp-content\/uploads\/2025\/08\/Shine-Your-Light-Header-2-1024x274.png 1024w, https:\/\/mias-miracles.org\/wp-content\/uploads\/2025\/08\/Shine-Your-Light-Header-2-768x205.png 768w, https:\/\/mias-miracles.org\/wp-content\/uploads\/2025\/08\/Shine-Your-Light-Header-2-1536x411.png 1536w, https:\/\/mias-miracles.org\/wp-content\/uploads\/2025\/08\/Shine-Your-Light-Header-2-2048x548.png 2048w, https:\/\/mias-miracles.org\/wp-content\/uploads\/2025\/08\/Shine-Your-Light-Header-2-18x5.png 18w, https:\/\/mias-miracles.org\/wp-content\/uploads\/2025\/08\/Shine-Your-Light-Header-2-600x160.png 600w\" sizes=\"(max-width: 10453px) 100vw, 10453px\" \/>\t\t\t\t\t\t\t\t\t\t\t\t\t\t\t<\/div>\n\t\t\t\t<\/div>\n\t\t\t\t\t<\/div>\n\t\t<\/div>\n\t\t\t\t\t<\/div>\n\t\t<\/section>\n\t\t\t\t<section class=\"elementor-section elementor-top-section elementor-element elementor-element-461929d elementor-section-boxed elementor-section-height-default elementor-section-height-default\" data-id=\"461929d\" data-element_type=\"section\">\n\t\t\t\t\t\t<div class=\"elementor-container elementor-column-gap-default\">\n\t\t\t\t\t<div class=\"elementor-column elementor-col-100 elementor-top-column elementor-element elementor-element-6538ed0\" data-id=\"6538ed0\" data-element_type=\"column\">\n\t\t\t<div class=\"elementor-widget-wrap elementor-element-populated\">\n\t\t\t\t\t\t<div class=\"elementor-element elementor-element-6e3f4b2 elementor-widget__width-initial elementor-widget-mobile__width-initial elementor-widget elementor-widget-text-editor\" data-id=\"6e3f4b2\" data-element_type=\"widget\" data-widget_type=\"text-editor.default\">\n\t\t\t\t<div class=\"elementor-widget-container\">\n\t\t\t\t\t\t\t\t\t<p><span style=\"letter-spacing: 0.4px;\">13 septiembre 2025\u00a0 \u00a0|\u00a0 \u00a09am\u00a0 &#8211;\u00a0 3pm\u00a0\u00a0<\/span><\/p><p><span style=\"letter-spacing: 0.4px;\">avenida calle 85 #7-74 | Bogota<\/span><\/p>\t\t\t\t\t\t\t\t<\/div>\n\t\t\t\t<\/div>\n\t\t\t\t<div class=\"elementor-element elementor-element-f80c736 elementor-widget__width-initial elementor-widget-mobile__width-initial elementor-widget elementor-widget-text-editor\" data-id=\"f80c736\" data-element_type=\"widget\" data-widget_type=\"text-editor.default\">\n\t\t\t\t<div class=\"elementor-widget-container\">\n\t\t\t\t\t\t\t\t\t<p>Mia\u2019s Miracles se une a La Veranera Experience y Mave Studio para crear algo verdaderamente especial: un d\u00eda para dar, para reconectar, para encender la luz que todos llevamos dentro.<\/p>\t\t\t\t\t\t\t\t<\/div>\n\t\t\t\t<\/div>\n\t\t\t\t<div class=\"elementor-element elementor-element-03a9579 elementor-widget__width-initial elementor-widget-mobile__width-initial elementor-widget elementor-widget-text-editor\" data-id=\"03a9579\" data-element_type=\"widget\" data-widget_type=\"text-editor.default\">\n\t\t\t\t<div class=\"elementor-widget-container\">\n\t\t\t\t\t\t\t\t\t<p>La Veranera Experience dise\u00f1a encuentros que transforman desde adentro, creando espacios \u00edntimos y poderosos de conciencia, gratitud y presencia. Nos hemos unido a ellos y a Mave Studio para recaudar fondos de forma aut\u00e9ntica y luminosa, a trav\u00e9s de una experiencia inmersiva en Bogot\u00e1, Colombia.<\/p><p>Esta jornada incluir\u00e1 una sesi\u00f3n de yoga, sound healing, journaling, entre otros rituales de bienestar, cuidadosamente dise\u00f1ados para reconectar cuerpo, mente y coraz\u00f3n. Tambi\u00e9n contar\u00e1 con snacks ma\u00f1aneros, un almuerzo saludable y un gifting muy especial, donde cada asistente recibir\u00e1 obsequios \u00fanicos de nuestras marcas aliadas.<\/p>\t\t\t\t\t\t\t\t<\/div>\n\t\t\t\t<\/div>\n\t\t\t\t<div class=\"elementor-element elementor-element-2c93c2a elementor-widget__width-initial elementor-widget-mobile__width-initial elementor-widget elementor-widget-text-editor\" data-id=\"2c93c2a\" data-element_type=\"widget\" data-widget_type=\"text-editor.default\">\n\t\t\t\t<div class=\"elementor-widget-container\">\n\t\t\t\t\t\t\t\t\t<p>El 100% del valor total de la compra ser\u00e1 donado directamente a Mia\u2019s Miracles Foundation, apoyando a ni\u00f1os y familias que atraviesan momentos dif\u00edciles en Colombia y Estados Unidos. Por tu participaci\u00f3n, recibir\u00e1s un certificado oficial de donaci\u00f3n.<\/p>\t\t\t\t\t\t\t\t<\/div>\n\t\t\t\t<\/div>\n\t\t\t\t\t<\/div>\n\t\t<\/div>\n\t\t\t\t\t<\/div>\n\t\t<\/section>\n\t\t\t\t<section class=\"elementor-section elementor-top-section elementor-element elementor-element-d560ffe elementor-section-boxed elementor-section-height-default elementor-section-height-default\" data-id=\"d560ffe\" data-element_type=\"section\">\n\t\t\t\t\t\t<div class=\"elementor-container elementor-column-gap-default\">\n\t\t\t\t\t<div class=\"elementor-column elementor-col-100 elementor-top-column elementor-element elementor-element-9538ae8\" data-id=\"9538ae8\" data-element_type=\"column\">\n\t\t\t<div class=\"elementor-widget-wrap elementor-element-populated\">\n\t\t\t\t\t\t<div class=\"elementor-element elementor-element-ca31171 elementor-arrows-position-inside elementor-pagination-position-outside elementor-widget elementor-widget-image-carousel\" data-id=\"ca31171\" data-element_type=\"widget\" data-settings=\"{&quot;slides_to_show&quot;:&quot;5&quot;,&quot;image_spacing_custom&quot;:{&quot;unit&quot;:&quot;px&quot;,&quot;size&quot;:29,&quot;sizes&quot;:[]},&quot;autoplay_speed&quot;:8013,&quot;speed&quot;:1000,&quot;slides_to_show_mobile&quot;:&quot;3&quot;,&quot;navigation&quot;:&quot;both&quot;,&quot;autoplay&quot;:&quot;yes&quot;,&quot;pause_on_hover&quot;:&quot;yes&quot;,&quot;pause_on_interaction&quot;:&quot;yes&quot;,&quot;infinite&quot;:&quot;yes&quot;,&quot;image_spacing_custom_tablet&quot;:{&quot;unit&quot;:&quot;px&quot;,&quot;size&quot;:&quot;&quot;,&quot;sizes&quot;:[]},&quot;image_spacing_custom_mobile&quot;:{&quot;unit&quot;:&quot;px&quot;,&quot;size&quot;:&quot;&quot;,&quot;sizes&quot;:[]}}\" data-widget_type=\"image-carousel.default\">\n\t\t\t\t<div class=\"elementor-widget-container\">\n\t\t\t\t\t\t\t<div class=\"elementor-image-carousel-wrapper swiper\" role=\"region\" aria-roledescription=\"carousel\" aria-label=\"Image Carousel\" dir=\"ltr\">\n\t\t\t<div class=\"elementor-image-carousel swiper-wrapper\" aria-live=\"off\">\n\t\t\t\t\t\t\t\t<div class=\"swiper-slide\" role=\"group\" aria-roledescription=\"slide\" aria-label=\"1 de 23\" data-no-translation-aria-label=\"\"><figure class=\"swiper-slide-inner\"><img decoding=\"async\" class=\"swiper-slide-image\" src=\"https:\/\/mias-miracles.org\/wp-content\/uploads\/2025\/08\/La-Veranera-768x296.png\" alt=\"_La Veranera\" \/><\/figure><\/div><div class=\"swiper-slide\" role=\"group\" aria-roledescription=\"slide\" aria-label=\"2 de 23\" data-no-translation-aria-label=\"\"><figure class=\"swiper-slide-inner\"><img decoding=\"async\" class=\"swiper-slide-image\" src=\"https:\/\/mias-miracles.org\/wp-content\/uploads\/2025\/08\/Mave-1-768x295.png\" alt=\"_Mave\" \/><\/figure><\/div><div class=\"swiper-slide\" role=\"group\" aria-roledescription=\"slide\" aria-label=\"3 de 23\" data-no-translation-aria-label=\"\"><figure class=\"swiper-slide-inner\"><img decoding=\"async\" class=\"swiper-slide-image\" src=\"https:\/\/mias-miracles.org\/wp-content\/uploads\/2025\/08\/NNT-LAB-768x296.png\" alt=\"_NNT LAB\" \/><\/figure><\/div><div class=\"swiper-slide\" role=\"group\" aria-roledescription=\"slide\" aria-label=\"4 de 23\" data-no-translation-aria-label=\"\"><figure class=\"swiper-slide-inner\"><img decoding=\"async\" class=\"swiper-slide-image\" src=\"https:\/\/mias-miracles.org\/wp-content\/uploads\/2025\/08\/Taller-de-Hierbas-768x296.png\" alt=\"_Taller de Hierbas\" \/><\/figure><\/div><div class=\"swiper-slide\" role=\"group\" aria-roledescription=\"slide\" aria-label=\"5 de 23\" data-no-translation-aria-label=\"\"><figure class=\"swiper-slide-inner\"><img decoding=\"async\" class=\"swiper-slide-image\" src=\"https:\/\/mias-miracles.org\/wp-content\/uploads\/2025\/08\/Dra-Skin-768x296.png\" alt=\"_Dra Skin\" \/><\/figure><\/div><div class=\"swiper-slide\" role=\"group\" aria-roledescription=\"slide\" aria-label=\"6 de 23\" data-no-translation-aria-label=\"\"><figure class=\"swiper-slide-inner\"><img decoding=\"async\" class=\"swiper-slide-image\" src=\"https:\/\/mias-miracles.org\/wp-content\/uploads\/2025\/08\/The-Hair-Generation-768x296.png\" alt=\"_The Hair Generation\" \/><\/figure><\/div><div class=\"swiper-slide\" role=\"group\" aria-roledescription=\"slide\" aria-label=\"7 de 23\" data-no-translation-aria-label=\"\"><figure class=\"swiper-slide-inner\"><img decoding=\"async\" class=\"swiper-slide-image\" src=\"https:\/\/mias-miracles.org\/wp-content\/uploads\/2025\/08\/Verdi-768x296.png\" alt=\"_Verdi\" \/><\/figure><\/div><div class=\"swiper-slide\" role=\"group\" aria-roledescription=\"slide\" aria-label=\"8 de 23\" data-no-translation-aria-label=\"\"><figure class=\"swiper-slide-inner\"><img decoding=\"async\" class=\"swiper-slide-image\" src=\"https:\/\/mias-miracles.org\/wp-content\/uploads\/2025\/08\/Wish-768x608.png\" alt=\"_Wish\" \/><\/figure><\/div><div class=\"swiper-slide\" role=\"group\" aria-roledescription=\"slide\" aria-label=\"9 de 23\" data-no-translation-aria-label=\"\"><figure class=\"swiper-slide-inner\"><img decoding=\"async\" class=\"swiper-slide-image\" src=\"https:\/\/mias-miracles.org\/wp-content\/uploads\/2025\/08\/Oak-Berry.png\" alt=\"_Oak Berry\" \/><\/figure><\/div><div class=\"swiper-slide\" role=\"group\" aria-roledescription=\"slide\" aria-label=\"10 de 23\" data-no-translation-aria-label=\"\"><figure class=\"swiper-slide-inner\"><img decoding=\"async\" class=\"swiper-slide-image\" src=\"https:\/\/mias-miracles.org\/wp-content\/uploads\/2025\/08\/Mercedes-Salazar-768x168.png\" alt=\"_Mercedes Salazar\" \/><\/figure><\/div><div class=\"swiper-slide\" role=\"group\" aria-roledescription=\"slide\" aria-label=\"11 de 23\" data-no-translation-aria-label=\"\"><figure class=\"swiper-slide-inner\"><img decoding=\"async\" class=\"swiper-slide-image\" src=\"https:\/\/mias-miracles.org\/wp-content\/uploads\/2025\/08\/La-Picaderia-768x262.png\" alt=\"_La Picaderia\" \/><\/figure><\/div><div class=\"swiper-slide\" role=\"group\" aria-roledescription=\"slide\" aria-label=\"12 de 23\" data-no-translation-aria-label=\"\"><figure class=\"swiper-slide-inner\"><img decoding=\"async\" class=\"swiper-slide-image\" src=\"https:\/\/mias-miracles.org\/wp-content\/uploads\/2025\/08\/Im-Nuts-768x389.png\" alt=\"_I&#039;m Nuts\" \/><\/figure><\/div><div class=\"swiper-slide\" role=\"group\" aria-roledescription=\"slide\" aria-label=\"13 de 23\" data-no-translation-aria-label=\"\"><figure class=\"swiper-slide-inner\"><img decoding=\"async\" class=\"swiper-slide-image\" src=\"https:\/\/mias-miracles.org\/wp-content\/uploads\/2025\/08\/Gal-768x480.png\" alt=\"_Gal\" \/><\/figure><\/div><div class=\"swiper-slide\" role=\"group\" aria-roledescription=\"slide\" aria-label=\"14 de 23\" data-no-translation-aria-label=\"\"><figure class=\"swiper-slide-inner\"><img decoding=\"async\" class=\"swiper-slide-image\" src=\"https:\/\/mias-miracles.org\/wp-content\/uploads\/2025\/08\/Casa-Hermana-768x295.png\" alt=\"_Casa Hermana\" \/><\/figure><\/div><div class=\"swiper-slide\" role=\"group\" aria-roledescription=\"slide\" aria-label=\"15 de 23\" data-no-translation-aria-label=\"\"><figure class=\"swiper-slide-inner\"><img decoding=\"async\" class=\"swiper-slide-image\" src=\"https:\/\/mias-miracles.org\/wp-content\/uploads\/2025\/08\/Cafe-Quindio-768x642.png\" alt=\"_Cafe Quindio\" \/><\/figure><\/div><div class=\"swiper-slide\" role=\"group\" aria-roledescription=\"slide\" aria-label=\"16 de 23\" data-no-translation-aria-label=\"\"><figure class=\"swiper-slide-inner\"><img decoding=\"async\" class=\"swiper-slide-image\" src=\"https:\/\/mias-miracles.org\/wp-content\/uploads\/2025\/08\/Del-Origen-768x746.png\" alt=\"_Del Origen\" \/><\/figure><\/div><div class=\"swiper-slide\" role=\"group\" aria-roledescription=\"slide\" aria-label=\"17 de 23\" data-no-translation-aria-label=\"\"><figure class=\"swiper-slide-inner\"><img decoding=\"async\" class=\"swiper-slide-image\" src=\"https:\/\/mias-miracles.org\/wp-content\/uploads\/2025\/08\/Don-Eloy-768x300.png\" alt=\"_Don Eloy\" \/><\/figure><\/div><div class=\"swiper-slide\" role=\"group\" aria-roledescription=\"slide\" aria-label=\"18 de 23\" data-no-translation-aria-label=\"\"><figure class=\"swiper-slide-inner\"><img decoding=\"async\" class=\"swiper-slide-image\" src=\"https:\/\/mias-miracles.org\/wp-content\/uploads\/2025\/08\/22-768x205.png\" alt=\"-22\" \/><\/figure><\/div><div class=\"swiper-slide\" role=\"group\" aria-roledescription=\"slide\" aria-label=\"19 de 23\" data-no-translation-aria-label=\"\"><figure class=\"swiper-slide-inner\"><img decoding=\"async\" class=\"swiper-slide-image\" src=\"https:\/\/mias-miracles.org\/wp-content\/uploads\/2025\/08\/Bon-Bonite-768x259.png\" alt=\"_Bon Bonite\" \/><\/figure><\/div><div class=\"swiper-slide\" role=\"group\" aria-roledescription=\"slide\" aria-label=\"20 de 23\" data-no-translation-aria-label=\"\"><figure class=\"swiper-slide-inner\"><img decoding=\"async\" class=\"swiper-slide-image\" src=\"https:\/\/mias-miracles.org\/wp-content\/uploads\/2025\/08\/Elite-Pilates.png\" alt=\"_Elite Pilates\" \/><\/figure><\/div><div class=\"swiper-slide\" role=\"group\" aria-roledescription=\"slide\" aria-label=\"21 de 23\" data-no-translation-aria-label=\"\"><figure class=\"swiper-slide-inner\"><img decoding=\"async\" class=\"swiper-slide-image\" src=\"https:\/\/mias-miracles.org\/wp-content\/uploads\/2025\/08\/Nuts-about-you.png\" alt=\"_Nuts about you\" \/><\/figure><\/div><div class=\"swiper-slide\" role=\"group\" aria-roledescription=\"slide\" aria-label=\"22 de 23\" data-no-translation-aria-label=\"\"><figure class=\"swiper-slide-inner\"><img decoding=\"async\" class=\"swiper-slide-image\" src=\"https:\/\/mias-miracles.org\/wp-content\/uploads\/2025\/08\/Franca.png\" alt=\"_Franca\" \/><\/figure><\/div><div class=\"swiper-slide\" role=\"group\" aria-roledescription=\"slide\" aria-label=\"23 de 23\" data-no-translation-aria-label=\"\"><figure class=\"swiper-slide-inner\"><img decoding=\"async\" class=\"swiper-slide-image\" src=\"https:\/\/mias-miracles.org\/wp-content\/uploads\/2025\/08\/Aysha-768x296.png\" alt=\"_Aysha\" \/><\/figure><\/div>\t\t\t<\/div>\n\t\t\t\t\t\t\t\t\t\t\t\t<div class=\"elementor-swiper-button elementor-swiper-button-prev\" role=\"button\" tabindex=\"0\">\n\t\t\t\t\t\t<i aria-hidden=\"true\" class=\"eicon-chevron-left\"><\/i>\t\t\t\t\t<\/div>\n\t\t\t\t\t<div class=\"elementor-swiper-button elementor-swiper-button-next\" role=\"button\" tabindex=\"0\">\n\t\t\t\t\t\t<i aria-hidden=\"true\" class=\"eicon-chevron-right\"><\/i>\t\t\t\t\t<\/div>\n\t\t\t\t\n\t\t\t\t\t\t\t\t\t<div class=\"swiper-pagination\"><\/div>\n\t\t\t\t\t\t\t\t\t<\/div>\n\t\t\t\t\t\t<\/div>\n\t\t\t\t<\/div>\n\t\t\t\t<div class=\"elementor-element elementor-element-a1b2818 dce_masking-none elementor-widget elementor-widget-image\" data-id=\"a1b2818\" data-element_type=\"widget\" data-widget_type=\"image.default\">\n\t\t\t\t<div class=\"elementor-widget-container\">\n\t\t\t\t\t\t\t\t\t\t\t\t\t\t\t<img decoding=\"async\" width=\"768\" height=\"334\" src=\"https:\/\/mias-miracles.org\/wp-content\/uploads\/2025\/09\/MM_Shine-Your-Light_Sold-Out-768x334.png\" class=\"attachment-medium_large size-medium_large wp-image-4329\" alt=\"\" srcset=\"https:\/\/mias-miracles.org\/wp-content\/uploads\/2025\/09\/MM_Shine-Your-Light_Sold-Out-768x334.png 768w, https:\/\/mias-miracles.org\/wp-content\/uploads\/2025\/09\/MM_Shine-Your-Light_Sold-Out-300x130.png 300w, https:\/\/mias-miracles.org\/wp-content\/uploads\/2025\/09\/MM_Shine-Your-Light_Sold-Out-1024x445.png 1024w, https:\/\/mias-miracles.org\/wp-content\/uploads\/2025\/09\/MM_Shine-Your-Light_Sold-Out-1536x667.png 1536w, https:\/\/mias-miracles.org\/wp-content\/uploads\/2025\/09\/MM_Shine-Your-Light_Sold-Out-2048x890.png 2048w, https:\/\/mias-miracles.org\/wp-content\/uploads\/2025\/09\/MM_Shine-Your-Light_Sold-Out-18x8.png 18w, https:\/\/mias-miracles.org\/wp-content\/uploads\/2025\/09\/MM_Shine-Your-Light_Sold-Out-600x261.png 600w\" sizes=\"(max-width: 768px) 100vw, 768px\" \/>\t\t\t\t\t\t\t\t\t\t\t\t\t\t\t<\/div>\n\t\t\t\t<\/div>\n\t\t\t\t\t<\/div>\n\t\t<\/div>\n\t\t\t\t\t<\/div>\n\t\t<\/section>\n\t\t\t\t<section class=\"elementor-section elementor-top-section elementor-element elementor-element-b21e0f2 elementor-section-boxed elementor-section-height-default elementor-section-height-default\" data-id=\"b21e0f2\" data-element_type=\"section\">\n\t\t\t\t\t\t<div class=\"elementor-container elementor-column-gap-default\">\n\t\t\t\t\t<div class=\"elementor-column elementor-col-100 elementor-top-column elementor-element elementor-element-af8b451\" data-id=\"af8b451\" data-element_type=\"column\">\n\t\t\t<div class=\"elementor-widget-wrap\">\n\t\t\t\t\t\t\t<\/div>\n\t\t<\/div>\n\t\t\t\t\t<\/div>\n\t\t<\/section>\n\t\t\t\t<\/div>","protected":false},"excerpt":{"rendered":"<p>13 septiembre 2025\u00a0 \u00a0|\u00a0 \u00a09am\u00a0 &#8211;\u00a0 3pm\u00a0\u00a0 avenida calle 85 #7-74 | Bogota Mia\u2019s Miracles se une a La Veranera Experience y Mave Studio para crear algo verdaderamente especial: un d\u00eda para dar, para reconectar, para encender la luz que todos llevamos dentro. La Veranera Experience dise\u00f1a encuentros que transforman desde adentro, creando espacios \u00edntimos [&hellip;]<\/p>","protected":false},"author":3,"featured_media":0,"parent":0,"menu_order":0,"comment_status":"closed","ping_status":"closed","template":"","meta":{"footnotes":""},"class_list":["post-4052","page","type-page","status-publish","hentry"],"_links":{"self":[{"href":"https:\/\/mias-miracles.org\/es\/wp-json\/wp\/v2\/pages\/4052","targetHints":{"allow":["GET"]}}],"collection":[{"href":"https:\/\/mias-miracles.org\/es\/wp-json\/wp\/v2\/pages"}],"about":[{"href":"https:\/\/mias-miracles.org\/es\/wp-json\/wp\/v2\/types\/page"}],"author":[{"embeddable":true,"href":"https:\/\/mias-miracles.org\/es\/wp-json\/wp\/v2\/users\/3"}],"replies":[{"embeddable":true,"href":"https:\/\/mias-miracles.org\/es\/wp-json\/wp\/v2\/comments?post=4052"}],"version-history":[{"count":115,"href":"https:\/\/mias-miracles.org\/es\/wp-json\/wp\/v2\/pages\/4052\/revisions"}],"predecessor-version":[{"id":4344,"href":"https:\/\/mias-miracles.org\/es\/wp-json\/wp\/v2\/pages\/4052\/revisions\/4344"}],"wp:attachment":[{"href":"https:\/\/mias-miracles.org\/es\/wp-json\/wp\/v2\/media?parent=4052"}],"curies":[{"name":"wp","href":"https:\/\/api.w.org\/{rel}","templated":true}]}}