{"id":3678,"date":"2025-03-10T16:00:22","date_gmt":"2025-03-10T16:00:22","guid":{"rendered":"https:\/\/mias-miracles.org\/?page_id=3678"},"modified":"2025-03-10T16:31:53","modified_gmt":"2025-03-10T16:31:53","slug":"mias-dream-team","status":"publish","type":"page","link":"https:\/\/mias-miracles.org\/es\/mias-dream-team\/","title":{"rendered":"Mia&#8217;s Dream Team"},"content":{"rendered":"<div data-elementor-type=\"wp-page\" data-elementor-id=\"3678\" class=\"elementor elementor-3678\" data-elementor-post-type=\"page\">\n\t\t\t\t\t\t<section data-dce-background-image-url=\"https:\/\/mias-miracles.org\/wp-content\/uploads\/2023\/08\/banner-programs-sub-page-galeria.svg\" class=\"elementor-section elementor-top-section elementor-element elementor-element-43f7225 elementor-section-boxed elementor-section-height-default elementor-section-height-default\" data-id=\"43f7225\" data-element_type=\"section\" data-settings=\"{&quot;background_background&quot;:&quot;classic&quot;}\">\n\t\t\t\t\t\t<div class=\"elementor-container elementor-column-gap-no\">\n\t\t\t\t\t<div class=\"elementor-column elementor-col-100 elementor-top-column elementor-element elementor-element-febe0f3\" data-id=\"febe0f3\" data-element_type=\"column\">\n\t\t\t<div class=\"elementor-widget-wrap elementor-element-populated\">\n\t\t\t\t\t\t<section data-dce-background-color=\"#FEC2BE\" class=\"elementor-section elementor-inner-section elementor-element elementor-element-3533871 elementor-section-boxed elementor-section-height-default elementor-section-height-default\" data-id=\"3533871\" data-element_type=\"section\" data-settings=\"{&quot;background_background&quot;:&quot;classic&quot;}\">\n\t\t\t\t\t\t<div class=\"elementor-container elementor-column-gap-default\">\n\t\t\t\t\t<div class=\"elementor-column elementor-col-100 elementor-inner-column elementor-element elementor-element-1562efb\" data-id=\"1562efb\" data-element_type=\"column\">\n\t\t\t<div class=\"elementor-widget-wrap elementor-element-populated\">\n\t\t\t\t\t\t<div class=\"elementor-element elementor-element-d8ae73f elementor-widget elementor-widget-heading\" data-id=\"d8ae73f\" data-element_type=\"widget\" data-widget_type=\"heading.default\">\n\t\t\t\t<div class=\"elementor-widget-container\">\n\t\t\t\t\t<h2 class=\"elementor-heading-title elementor-size-default\">Programas + Socios<\/h2>\t\t\t\t<\/div>\n\t\t\t\t<\/div>\n\t\t\t\t\t<\/div>\n\t\t<\/div>\n\t\t\t\t\t<\/div>\n\t\t<\/section>\n\t\t\t\t\t<\/div>\n\t\t<\/div>\n\t\t\t\t\t<\/div>\n\t\t<\/section>\n\t\t\t\t<section class=\"elementor-section elementor-top-section elementor-element elementor-element-94dce5d elementor-section-boxed elementor-section-height-default elementor-section-height-default\" data-id=\"94dce5d\" data-element_type=\"section\">\n\t\t\t\t\t\t<div class=\"elementor-container elementor-column-gap-default\">\n\t\t\t\t\t<div class=\"elementor-column elementor-col-100 elementor-top-column elementor-element elementor-element-477da6e\" data-id=\"477da6e\" data-element_type=\"column\">\n\t\t\t<div class=\"elementor-widget-wrap elementor-element-populated\">\n\t\t\t\t\t\t<div class=\"elementor-element elementor-element-889a92b dce_masking-none elementor-widget elementor-widget-image\" data-id=\"889a92b\" data-element_type=\"widget\" data-widget_type=\"image.default\">\n\t\t\t\t<div class=\"elementor-widget-container\">\n\t\t\t\t\t\t\t\t\t\t\t\t\t\t\t<img fetchpriority=\"high\" decoding=\"async\" width=\"300\" height=\"300\" src=\"https:\/\/mias-miracles.org\/wp-content\/uploads\/2025\/03\/Mias-Dream-Team-300x300.png\" class=\"attachment-medium size-medium wp-image-3684\" alt=\"\" srcset=\"https:\/\/mias-miracles.org\/wp-content\/uploads\/2025\/03\/Mias-Dream-Team-300x300.png 300w, https:\/\/mias-miracles.org\/wp-content\/uploads\/2025\/03\/Mias-Dream-Team-1024x1024.png 1024w, https:\/\/mias-miracles.org\/wp-content\/uploads\/2025\/03\/Mias-Dream-Team-150x150.png 150w, https:\/\/mias-miracles.org\/wp-content\/uploads\/2025\/03\/Mias-Dream-Team-768x768.png 768w, https:\/\/mias-miracles.org\/wp-content\/uploads\/2025\/03\/Mias-Dream-Team-1536x1536.png 1536w, https:\/\/mias-miracles.org\/wp-content\/uploads\/2025\/03\/Mias-Dream-Team-2048x2048.png 2048w, https:\/\/mias-miracles.org\/wp-content\/uploads\/2025\/03\/Mias-Dream-Team-12x12.png 12w, https:\/\/mias-miracles.org\/wp-content\/uploads\/2025\/03\/Mias-Dream-Team-600x600.png 600w, https:\/\/mias-miracles.org\/wp-content\/uploads\/2025\/03\/Mias-Dream-Team-100x100.png 100w, https:\/\/mias-miracles.org\/wp-content\/uploads\/2025\/03\/Mias-Dream-Team-50x50.png 50w\" sizes=\"(max-width: 300px) 100vw, 300px\" \/>\t\t\t\t\t\t\t\t\t\t\t\t\t\t\t<\/div>\n\t\t\t\t<\/div>\n\t\t\t\t\t<\/div>\n\t\t<\/div>\n\t\t\t\t\t<\/div>\n\t\t<\/section>\n\t\t\t\t<section class=\"elementor-section elementor-top-section elementor-element elementor-element-047f0c9 elementor-section-boxed elementor-section-height-default elementor-section-height-default\" data-id=\"047f0c9\" data-element_type=\"section\">\n\t\t\t\t\t\t<div class=\"elementor-container elementor-column-gap-default\">\n\t\t\t\t\t<div class=\"elementor-column elementor-col-100 elementor-top-column elementor-element elementor-element-5e7f5d3\" data-id=\"5e7f5d3\" data-element_type=\"column\">\n\t\t\t<div class=\"elementor-widget-wrap elementor-element-populated\">\n\t\t\t\t\t\t<div class=\"elementor-element elementor-element-799b304 elementor-widget elementor-widget-text-editor\" data-id=\"799b304\" data-element_type=\"widget\" data-widget_type=\"text-editor.default\">\n\t\t\t\t<div class=\"elementor-widget-container\">\n\t\t\t\t\t\t\t\t\t<div dir=\"ltr\"><div lang=\"en-US\"><h4>Con tu apoyo, nuestros aliados pueden contar con el equipo necesario para ofrecer una atenci\u00f3n constante y de calidad.<\/h4><p>Al garantizar la presencia de un equipo capacitado y compasivo, este programa mejora la calidad de atenci\u00f3n para los pacientes pedi\u00e1tricos, brindando apoyo y alegr\u00eda a ni\u00f1os y familias en momentos dif\u00edciles. Esta iniciativa refleja el compromiso de Mia\u2019s Miracles con la sanaci\u00f3n, el bienestar y el amor en los entornos m\u00e9dicos.<\/p><\/div><\/div>\t\t\t\t\t\t\t\t<\/div>\n\t\t\t\t<\/div>\n\t\t\t\t\t<\/div>\n\t\t<\/div>\n\t\t\t\t\t<\/div>\n\t\t<\/section>\n\t\t\t\t<section class=\"elementor-section elementor-top-section elementor-element elementor-element-230af94 elementor-section-boxed elementor-section-height-default elementor-section-height-default\" data-id=\"230af94\" data-element_type=\"section\">\n\t\t\t\t\t\t<div class=\"elementor-container elementor-column-gap-default\">\n\t\t\t\t\t<div class=\"elementor-column elementor-col-100 elementor-top-column elementor-element elementor-element-507de08\" data-id=\"507de08\" data-element_type=\"column\">\n\t\t\t<div class=\"elementor-widget-wrap elementor-element-populated\">\n\t\t\t\t\t\t<div class=\"elementor-element elementor-element-0fa984c elementor-skin-carousel elementor-arrows-yes elementor-pagination-type-bullets elementor-pagination-position-outside elementor-widget elementor-widget-media-carousel\" data-id=\"0fa984c\" data-element_type=\"widget\" data-settings=\"{&quot;skin&quot;:&quot;carousel&quot;,&quot;effect&quot;:&quot;slide&quot;,&quot;show_arrows&quot;:&quot;yes&quot;,&quot;pagination&quot;:&quot;bullets&quot;,&quot;speed&quot;:500,&quot;autoplay&quot;:&quot;yes&quot;,&quot;autoplay_speed&quot;:5000,&quot;loop&quot;:&quot;yes&quot;,&quot;pause_on_hover&quot;:&quot;yes&quot;,&quot;pause_on_interaction&quot;:&quot;yes&quot;,&quot;space_between&quot;:{&quot;unit&quot;:&quot;px&quot;,&quot;size&quot;:10,&quot;sizes&quot;:[]},&quot;space_between_tablet&quot;:{&quot;unit&quot;:&quot;px&quot;,&quot;size&quot;:10,&quot;sizes&quot;:[]},&quot;space_between_mobile&quot;:{&quot;unit&quot;:&quot;px&quot;,&quot;size&quot;:10,&quot;sizes&quot;:[]}}\" data-widget_type=\"media-carousel.default\">\n\t\t\t\t<div class=\"elementor-widget-container\">\n\t\t\t\t\t\t\t\t\t<div class=\"elementor-swiper\">\n\t\t\t\t\t<div class=\"elementor-main-swiper swiper\" role=\"region\" aria-roledescription=\"carousel\" aria-label=\"Slides\">\n\t\t\t\t<div class=\"swiper-wrapper\">\n\t\t\t\t\t\t\t\t\t\t\t<div class=\"swiper-slide\" role=\"group\" aria-roledescription=\"slide\">\n\t\t\t\t\t\t\t\t\t<div class=\"elementor-carousel-image\" role=\"img\" aria-label=\"338d9804-d8d1-4233-a079-8f389f31054c\" style=\"background-image: url(&#039;https:\/\/mias-miracles.org\/wp-content\/uploads\/2025\/03\/338d9804-d8d1-4233-a079-8f389f31054c.jpg&#039;)\">\n\n\t\t\t\n\t\t\t\t\t<\/div>\n\t\t\t\t\t\t\t\t<\/div>\n\t\t\t\t\t\t\t\t\t\t\t<div class=\"swiper-slide\" role=\"group\" aria-roledescription=\"slide\">\n\t\t\t\t\t\t\t\t\t<div class=\"elementor-carousel-image\" role=\"img\" aria-label=\"dbf29ed6-dd6c-460a-8d85-39102d2f5c69\" style=\"background-image: url(&#039;https:\/\/mias-miracles.org\/wp-content\/uploads\/2025\/03\/dbf29ed6-dd6c-460a-8d85-39102d2f5c69.jpg&#039;)\">\n\n\t\t\t\n\t\t\t\t\t<\/div>\n\t\t\t\t\t\t\t\t<\/div>\n\t\t\t\t\t\t\t\t\t\t\t<div class=\"swiper-slide\" role=\"group\" aria-roledescription=\"slide\">\n\t\t\t\t\t\t\t\t\t<div class=\"elementor-carousel-image\" role=\"img\" aria-label=\"image0000_1706300668608\" style=\"background-image: url(&#039;https:\/\/mias-miracles.org\/wp-content\/uploads\/2025\/03\/image0000_1706300668608.jpg&#039;)\">\n\n\t\t\t\n\t\t\t\t\t<\/div>\n\t\t\t\t\t\t\t\t<\/div>\n\t\t\t\t\t\t\t\t\t\t\t<div class=\"swiper-slide\" role=\"group\" aria-roledescription=\"slide\">\n\t\t\t\t\t\t\t\t\t<div class=\"elementor-carousel-image\" role=\"img\" aria-label=\"3437129495214503064\" style=\"background-image: url(&#039;https:\/\/mias-miracles.org\/wp-content\/uploads\/2025\/03\/3437129495214503064.jpg&#039;)\">\n\n\t\t\t\n\t\t\t\t\t<\/div>\n\t\t\t\t\t\t\t\t<\/div>\n\t\t\t\t\t\t\t\t\t<\/div>\n\t\t\t\t\t\t\t\t\t\t\t\t\t\t\t<div class=\"elementor-swiper-button elementor-swiper-button-prev\" role=\"button\" tabindex=\"0\" aria-label=\"Previous\">\n\t\t\t\t\t\t\t<i aria-hidden=\"true\" class=\"eicon-chevron-left\"><\/i>\t\t\t\t\t\t<\/div>\n\t\t\t\t\t\t<div class=\"elementor-swiper-button elementor-swiper-button-next\" role=\"button\" tabindex=\"0\" aria-label=\"Next\">\n\t\t\t\t\t\t\t<i aria-hidden=\"true\" class=\"eicon-chevron-right\"><\/i>\t\t\t\t\t\t<\/div>\n\t\t\t\t\t\t\t\t\t\t\t\t\t\t\t\t<div class=\"swiper-pagination\"><\/div>\n\t\t\t\t\t\t\t\t\t\t\t\t<\/div>\n\t\t\t\t<\/div>\n\t\t\t\t\t\t\t\t<\/div>\n\t\t\t\t<\/div>\n\t\t\t\t\t<\/div>\n\t\t<\/div>\n\t\t\t\t\t<\/div>\n\t\t<\/section>\n\t\t\t\t<\/div>","protected":false},"excerpt":{"rendered":"<p>Programs + partners Support medical partners by helping fund essential staffing solutions to bridge gaps in care. Ensuring adequate and compassionate staff are available, the program enhances the quality of care for pediatric patients, bringing extra support and joy to children and families during challenging times. This initiative reflects Mia\u2019s Miracles&#8217; commitment to fostering healing, [&hellip;]<\/p>","protected":false},"author":3,"featured_media":0,"parent":0,"menu_order":0,"comment_status":"open","ping_status":"closed","template":"","meta":{"footnotes":""},"class_list":["post-3678","page","type-page","status-publish","hentry"],"_links":{"self":[{"href":"https:\/\/mias-miracles.org\/es\/wp-json\/wp\/v2\/pages\/3678","targetHints":{"allow":["GET"]}}],"collection":[{"href":"https:\/\/mias-miracles.org\/es\/wp-json\/wp\/v2\/pages"}],"about":[{"href":"https:\/\/mias-miracles.org\/es\/wp-json\/wp\/v2\/types\/page"}],"author":[{"embeddable":true,"href":"https:\/\/mias-miracles.org\/es\/wp-json\/wp\/v2\/users\/3"}],"replies":[{"embeddable":true,"href":"https:\/\/mias-miracles.org\/es\/wp-json\/wp\/v2\/comments?post=3678"}],"version-history":[{"count":8,"href":"https:\/\/mias-miracles.org\/es\/wp-json\/wp\/v2\/pages\/3678\/revisions"}],"predecessor-version":[{"id":3694,"href":"https:\/\/mias-miracles.org\/es\/wp-json\/wp\/v2\/pages\/3678\/revisions\/3694"}],"wp:attachment":[{"href":"https:\/\/mias-miracles.org\/es\/wp-json\/wp\/v2\/media?parent=3678"}],"curies":[{"name":"wp","href":"https:\/\/api.w.org\/{rel}","templated":true}]}}